{"id":89,"date":"2019-07-01T16:43:39","date_gmt":"2019-07-01T14:43:39","guid":{"rendered":"http:\/\/gecottipe.eu\/?page_id=89"},"modified":"2025-03-12T16:25:14","modified_gmt":"2025-03-12T15:25:14","slug":"le-geie-gecotti-pe-2","status":"publish","type":"page","link":"https:\/\/www.gecottipe.eu\/","title":{"rendered":"LE GEIE GECOTTI-PE"},"content":{"rendered":"<div class=\"wp-block-image\">\n<figure class=\"aligncenter size-large\"><img loading=\"lazy\" decoding=\"async\" width=\"377\" height=\"318\" src=\"https:\/\/www.gecottipe.eu\/wp-content\/uploads\/2019\/07\/logo_GEIE1.jpg\" alt=\"\" class=\"wp-image-21\" srcset=\"https:\/\/www.gecottipe.eu\/wp-content\/uploads\/2019\/07\/logo_GEIE1.jpg 377w, https:\/\/www.gecottipe.eu\/wp-content\/uploads\/2019\/07\/logo_GEIE1-300x253.jpg 300w\" sizes=\"auto, (max-width: 377px) 100vw, 377px\" \/><\/figure>\n<\/div>\n\n\n<div style=\"height:20px\" aria-hidden=\"true\" class=\"wp-block-spacer\"><\/div>\n\n\n\n<p>Le <strong>GECOTTI-PE<\/strong> est un Groupement Europ\u00e9en d\u2019Int\u00e9r\u00eat Economique (GEIE) cr\u00e9\u00e9 en 2004 par la <strong>R\u00e9gion Hauts-de-France<\/strong> et par la <strong>R\u00e9gion Wallonne<\/strong>.<\/p>\n\n\n\n<p>Le <strong>GEIE GECOTTI-PE<\/strong> h\u00e9berge actuellement trois Secr\u00e9tariats repr\u00e9sentants deux <strong>Programmes Interreg<\/strong> et l&rsquo;<strong>Initiative Urbaine Europ\u00e9enne<\/strong>, financ\u00e9s par la Commission europ\u00e9enne pour un montant global d&rsquo;environ un milliard d&rsquo;euros sur la p\u00e9riode de Programmation 2021-2027.<\/p>\n\n\n\n<p>L\u2019ensemble des \u00e9quipes des Secr\u00e9tariats et de la <strong>G\u00e9rance<\/strong> comprend 98 salari\u00e9s de 24 nationalit\u00e9s diff\u00e9rentes (au 12\/03\/2025).<\/p>\n\n\n\n<p>Le <strong>GEIE GECOTTI-PE<\/strong>, bien que g\u00e9rant des fonds europ\u00e9ens publics, est une structure de droit priv\u00e9. <\/p>\n\n\n\n<div style=\"height:140px\" aria-hidden=\"true\" class=\"wp-block-spacer\"><\/div>\n\n\n\n<p><\/p>\n","protected":false},"excerpt":{"rendered":"<div class=\"slide-text-bg2\"><span>Le GECOTTI-PE est un Groupement Europ\u00e9en d\u2019Int\u00e9r\u00eat Economique (GEIE) cr\u00e9\u00e9 en 2004 par la R\u00e9gion Hauts-de-France et par la R\u00e9gion Wallonne. Le GEIE<\/span><\/div>\n<div class=\"slide-btn-area-sm\"><a href=\"https:\/\/www.gecottipe.eu\/\" class=\"slide-btn-sm\">Lire la suite<\/a><\/div>\n","protected":false},"author":1,"featured_media":0,"parent":0,"menu_order":1,"comment_status":"closed","ping_status":"closed","template":"","meta":{"footnotes":""},"class_list":["post-89","page","type-page","status-publish","hentry"],"_links":{"self":[{"href":"https:\/\/www.gecottipe.eu\/index.php\/wp-json\/wp\/v2\/pages\/89","targetHints":{"allow":["GET"]}}],"collection":[{"href":"https:\/\/www.gecottipe.eu\/index.php\/wp-json\/wp\/v2\/pages"}],"about":[{"href":"https:\/\/www.gecottipe.eu\/index.php\/wp-json\/wp\/v2\/types\/page"}],"author":[{"embeddable":true,"href":"https:\/\/www.gecottipe.eu\/index.php\/wp-json\/wp\/v2\/users\/1"}],"replies":[{"embeddable":true,"href":"https:\/\/www.gecottipe.eu\/index.php\/wp-json\/wp\/v2\/comments?post=89"}],"version-history":[{"count":46,"href":"https:\/\/www.gecottipe.eu\/index.php\/wp-json\/wp\/v2\/pages\/89\/revisions"}],"predecessor-version":[{"id":512,"href":"https:\/\/www.gecottipe.eu\/index.php\/wp-json\/wp\/v2\/pages\/89\/revisions\/512"}],"wp:attachment":[{"href":"https:\/\/www.gecottipe.eu\/index.php\/wp-json\/wp\/v2\/media?parent=89"}],"curies":[{"name":"wp","href":"https:\/\/api.w.org\/{rel}","templated":true}]}}