{"id":7,"date":"2019-07-01T12:48:23","date_gmt":"2019-07-01T10:48:23","guid":{"rendered":"http:\/\/gecottipe.eu\/?page_id=7"},"modified":"2025-06-10T16:41:53","modified_gmt":"2025-06-10T14:41:53","slug":"nous-contacter","status":"publish","type":"page","link":"https:\/\/www.gecottipe.eu\/index.php\/nous-contacter\/","title":{"rendered":"NOUS CONTACTER"},"content":{"rendered":"\n<p>Nos bureaux sont localis\u00e9s \u00e0 Lille, \u00e0 proximit\u00e9 des gares et du centre-ville.<\/p>\n\n\n\n<p><strong>Adresse<\/strong><\/p>\n\n\n\n<p>GEIE GECOTTI-PE<\/p>\n\n\n\n<p>15 Rue du Palais Rihour, 4\u00e8 Etage &#8211; 59000 Lille<\/p>\n\n\n\n<p>\ud83d\udce0 : 0361260737<\/p>\n\n\n\n<p>\u2709 : gerance@gecottipe.eu<\/p>\n\n\n\n<div style=\"height:20px\" aria-hidden=\"true\" class=\"wp-block-spacer\"><\/div>\n\n\n\n<p><strong>Mentions l\u00e9gales<\/strong><\/p>\n\n\n\n<div class=\"wp-block-group\"><div class=\"wp-block-group__inner-container is-layout-flow wp-block-group-is-layout-flow\">\n<p>Le num\u00e9ro SIRET du <strong>GEIE GECOTTI-PE<\/strong> est le 451 382 287 000 22. <\/p>\n\n\n\n<p>Le site web est h\u00e9berg\u00e9 par OVH-WordPress (2 rue Kellermann, 59100 Roubaix, France). Son contenu est \u00e9dit\u00e9 par le G\u00e9rant du <strong>GEIE GECOTTI-PE<\/strong>. <\/p>\n<\/div><\/div>\n\n\n\n<p><\/p>\n\n\n\n<p><\/p>\n\n\n\n<p class=\"has-white-color has-text-color\">0<\/p>\n","protected":false},"excerpt":{"rendered":"<div class=\"slide-text-bg2\"><span>Nos bureaux sont localis\u00e9s \u00e0 Lille, \u00e0 proximit\u00e9 des gares et du centre-ville. Adresse GEIE GECOTTI-PE 15 Rue du Palais Rihour, 4\u00e8 Etage &#8211; 59000 <\/span><\/div>\n<div class=\"slide-btn-area-sm\"><a href=\"https:\/\/www.gecottipe.eu\/index.php\/nous-contacter\/\" class=\"slide-btn-sm\">Lire la suite<\/a><\/div>\n","protected":false},"author":1,"featured_media":0,"parent":0,"menu_order":6,"comment_status":"closed","ping_status":"closed","template":"","meta":{"footnotes":""},"class_list":["post-7","page","type-page","status-publish","hentry"],"_links":{"self":[{"href":"https:\/\/www.gecottipe.eu\/index.php\/wp-json\/wp\/v2\/pages\/7","targetHints":{"allow":["GET"]}}],"collection":[{"href":"https:\/\/www.gecottipe.eu\/index.php\/wp-json\/wp\/v2\/pages"}],"about":[{"href":"https:\/\/www.gecottipe.eu\/index.php\/wp-json\/wp\/v2\/types\/page"}],"author":[{"embeddable":true,"href":"https:\/\/www.gecottipe.eu\/index.php\/wp-json\/wp\/v2\/users\/1"}],"replies":[{"embeddable":true,"href":"https:\/\/www.gecottipe.eu\/index.php\/wp-json\/wp\/v2\/comments?post=7"}],"version-history":[{"count":43,"href":"https:\/\/www.gecottipe.eu\/index.php\/wp-json\/wp\/v2\/pages\/7\/revisions"}],"predecessor-version":[{"id":562,"href":"https:\/\/www.gecottipe.eu\/index.php\/wp-json\/wp\/v2\/pages\/7\/revisions\/562"}],"wp:attachment":[{"href":"https:\/\/www.gecottipe.eu\/index.php\/wp-json\/wp\/v2\/media?parent=7"}],"curies":[{"name":"wp","href":"https:\/\/api.w.org\/{rel}","templated":true}]}}